{"id":2072,"date":"2021-11-26T11:39:40","date_gmt":"2021-11-26T10:39:40","guid":{"rendered":"https:\/\/o-ukraina.pl\/?post_type=product&#038;p=2072"},"modified":"2021-12-11T14:57:32","modified_gmt":"2021-12-11T13:57:32","slug":"oukraina-wydanie-elektroniczne-epub","status":"publish","type":"product","link":"https:\/\/o-ukraina.pl\/?product=oukraina-wydanie-elektroniczne-epub","title":{"rendered":"O!UKRA\u00cfNA &#8211; wydanie elektroniczne (epub)"},"content":{"rendered":"<p><span style=\"font-weight: 400;\">W Polsce mieszka ju\u017c oko\u0142o 1,5 miliona obywateli Ukrainy, kt\u00f3rzy pomagaj\u0105 Polsce w jej dynamicznym rozwoju. Nasi s\u0105siedzi coraz ch\u0119tniej zostaj\u0105 w naszym kraju ca\u0142ymi rodzinami, ucz\u0105 si\u0119 naszej historii, zwyczaj\u00f3w, dostosowuj\u0105 swoje \u017cycie do rytmu i wymog\u00f3w Unii Europejskiej. A co my wiemy o nich? Badania wiod\u0105cych instytucji wykazuj\u0105, \u017ce mieszka\u0144cy Polski nie maj\u0105 du\u017cej wiedzy o Ukrainie. Jak w takim razie mamy si\u0119 dobrze porozumiewa\u0107? Czy mo\u017cliwe s\u0105 prawdziwe relacje, gdy nic nie wiemy o tradycjach, kulturze naszego pracownika, partnera, wsp\u00f3lnika? Przyszed\u0142 czas na poznawanie si\u0119 naprawd\u0119!<\/span><\/p>\n<p><span style=\"font-weight: 400;\">Dzi\u015b jest najlepszy moment: obchody 30-lecia polsko-ukrai\u0144skich stosunk\u00f3w gospodarczych. W dniu 2 grudnia 1991 roku Polska jako pierwszy kraj na \u015bwiecie uzna\u0142a pa\u0144stwowo\u015b\u0107 Ukrainy. Przez ostatnie 30 lat Polska jest adwokatem Ukrainy na zachodzie, a Ukrai\u0144cy nigdy nie wykazywali tak du\u017cej sympatii do Polak\u00f3w, jak teraz.\u00a0<\/span><\/p>\n<p><span style=\"font-weight: 400;\">Mamy te\u017c najlepsz\u0105 Przewodniczk\u0119 po smakach Ukrainy: znan\u0105 Polakom, urodzon\u0105 w Kijowie, a mieszkaj\u0105c\u0105 ju\u017c 30 lat w Polsce &#8211; Weronik\u0119 Marczuk. W telewizji, radiu, a teraz w tej ksi\u0105\u017cce z humorem i znajomo\u015bci\u0105 tematu przedstawia arcyciekawe fakty, sekrety mentalno\u015bci, r\u00f3\u017cnice i recepty na zrozumienie i posmakowanie Ukrainy takiej, jaka ona jest naprawd\u0119.\u00a0<\/span><\/p>\n","protected":false},"excerpt":{"rendered":"<div class=\"grve-element grve-text\">\n<p>Wydanie elektroniczne ksi\u0105\u017cki to niespotykana pozycja, kt\u00f3r\u0105 proponujemy Pa\u0144stwu bezpo\u015brednio od Wydawcy.<\/p>\n<\/div>\n","protected":false},"featured_media":2045,"template":"","meta":{"content-type":""},"product_cat":[18],"product_tag":[],"class_list":{"0":"post-2072","1":"product","2":"type-product","3":"status-publish","4":"has-post-thumbnail","6":"product_cat-sting-global","7":"grve-entry-item","9":"first","10":"instock","11":"downloadable","12":"virtual","13":"taxable","14":"purchasable","15":"product-type-simple"},"yoast_head":"<!-- This site is optimized with the Yoast SEO plugin v21.9 - https:\/\/yoast.com\/wordpress\/plugins\/seo\/ -->\n<title>O!UKRA\u00cfNA - wydanie elektroniczne (epub) - O!UKRA\u00cfNA<\/title>\n<meta name=\"robots\" content=\"index, follow, max-snippet:-1, max-image-preview:large, max-video-preview:-1\" \/>\n<link rel=\"canonical\" href=\"https:\/\/o-ukraina.pl\/?product=oukraina-wydanie-elektroniczne-epub\" \/>\n<meta property=\"og:locale\" content=\"pl_PL\" \/>\n<meta property=\"og:type\" content=\"article\" \/>\n<meta property=\"og:title\" content=\"O!UKRA\u00cfNA - wydanie elektroniczne (epub) - O!UKRA\u00cfNA\" \/>\n<meta property=\"og:description\" content=\"Wydanie elektroniczne ksi\u0105\u017cki to niespotykana pozycja, kt\u00f3r\u0105 proponujemy Pa\u0144stwu bezpo\u015brednio od Wydawcy.\" \/>\n<meta property=\"og:url\" content=\"https:\/\/o-ukraina.pl\/?product=oukraina-wydanie-elektroniczne-epub\" \/>\n<meta property=\"og:site_name\" content=\"O!UKRA\u00cfNA\" \/>\n<meta property=\"article:modified_time\" content=\"2021-12-11T13:57:32+00:00\" \/>\n<meta property=\"og:image\" content=\"https:\/\/o-ukraina.pl\/wp-content\/uploads\/2021\/11\/produkt-2.png\" \/>\n\t<meta property=\"og:image:width\" content=\"1200\" \/>\n\t<meta property=\"og:image:height\" content=\"1203\" \/>\n\t<meta property=\"og:image:type\" content=\"image\/png\" \/>\n<meta name=\"twitter:card\" content=\"summary_large_image\" \/>\n<meta name=\"twitter:label1\" content=\"Szacowany czas czytania\" \/>\n\t<meta name=\"twitter:data1\" content=\"1 minuta\" \/>\n<script type=\"application\/ld+json\" class=\"yoast-schema-graph\">{\"@context\":\"https:\/\/schema.org\",\"@graph\":[{\"@type\":\"WebPage\",\"@id\":\"https:\/\/o-ukraina.pl\/?product=oukraina-wydanie-elektroniczne-epub\",\"url\":\"https:\/\/o-ukraina.pl\/?product=oukraina-wydanie-elektroniczne-epub\",\"name\":\"O!UKRA\u00cfNA - wydanie elektroniczne (epub) - O!UKRA\u00cfNA\",\"isPartOf\":{\"@id\":\"https:\/\/o-ukraina.pl\/#website\"},\"datePublished\":\"2021-11-26T10:39:40+00:00\",\"dateModified\":\"2021-12-11T13:57:32+00:00\",\"breadcrumb\":{\"@id\":\"https:\/\/o-ukraina.pl\/?product=oukraina-wydanie-elektroniczne-epub#breadcrumb\"},\"inLanguage\":\"pl-PL\",\"potentialAction\":[{\"@type\":\"ReadAction\",\"target\":[\"https:\/\/o-ukraina.pl\/?product=oukraina-wydanie-elektroniczne-epub\"]}]},{\"@type\":\"BreadcrumbList\",\"@id\":\"https:\/\/o-ukraina.pl\/?product=oukraina-wydanie-elektroniczne-epub#breadcrumb\",\"itemListElement\":[{\"@type\":\"ListItem\",\"position\":1,\"name\":\"Strona g\u0142\u00f3wna\",\"item\":\"https:\/\/o-ukraina.pl\/\"},{\"@type\":\"ListItem\",\"position\":2,\"name\":\"Sklep\",\"item\":\"https:\/\/o-ukraina.pl\/?page_id=8\"},{\"@type\":\"ListItem\",\"position\":3,\"name\":\"O!UKRA\u00cfNA &#8211; wydanie elektroniczne (epub)\"}]},{\"@type\":\"WebSite\",\"@id\":\"https:\/\/o-ukraina.pl\/#website\",\"url\":\"https:\/\/o-ukraina.pl\/\",\"name\":\"O!UKRA\u00cfNA\",\"description\":\"Weronika Marczuk\",\"potentialAction\":[{\"@type\":\"SearchAction\",\"target\":{\"@type\":\"EntryPoint\",\"urlTemplate\":\"https:\/\/o-ukraina.pl\/?s={search_term_string}\"},\"query-input\":\"required name=search_term_string\"}],\"inLanguage\":\"pl-PL\"}]}<\/script>\n<!-- \/ Yoast SEO plugin. -->","yoast_head_json":{"title":"O!UKRA\u00cfNA - wydanie elektroniczne (epub) - O!UKRA\u00cfNA","robots":{"index":"index","follow":"follow","max-snippet":"max-snippet:-1","max-image-preview":"max-image-preview:large","max-video-preview":"max-video-preview:-1"},"canonical":"https:\/\/o-ukraina.pl\/?product=oukraina-wydanie-elektroniczne-epub","og_locale":"pl_PL","og_type":"article","og_title":"O!UKRA\u00cfNA - wydanie elektroniczne (epub) - O!UKRA\u00cfNA","og_description":"Wydanie elektroniczne ksi\u0105\u017cki to niespotykana pozycja, kt\u00f3r\u0105 proponujemy Pa\u0144stwu bezpo\u015brednio od Wydawcy.","og_url":"https:\/\/o-ukraina.pl\/?product=oukraina-wydanie-elektroniczne-epub","og_site_name":"O!UKRA\u00cfNA","article_modified_time":"2021-12-11T13:57:32+00:00","og_image":[{"width":1200,"height":1203,"url":"https:\/\/o-ukraina.pl\/wp-content\/uploads\/2021\/11\/produkt-2.png","type":"image\/png"}],"twitter_card":"summary_large_image","twitter_misc":{"Szacowany czas czytania":"1 minuta"},"schema":{"@context":"https:\/\/schema.org","@graph":[{"@type":"WebPage","@id":"https:\/\/o-ukraina.pl\/?product=oukraina-wydanie-elektroniczne-epub","url":"https:\/\/o-ukraina.pl\/?product=oukraina-wydanie-elektroniczne-epub","name":"O!UKRA\u00cfNA - wydanie elektroniczne (epub) - O!UKRA\u00cfNA","isPartOf":{"@id":"https:\/\/o-ukraina.pl\/#website"},"datePublished":"2021-11-26T10:39:40+00:00","dateModified":"2021-12-11T13:57:32+00:00","breadcrumb":{"@id":"https:\/\/o-ukraina.pl\/?product=oukraina-wydanie-elektroniczne-epub#breadcrumb"},"inLanguage":"pl-PL","potentialAction":[{"@type":"ReadAction","target":["https:\/\/o-ukraina.pl\/?product=oukraina-wydanie-elektroniczne-epub"]}]},{"@type":"BreadcrumbList","@id":"https:\/\/o-ukraina.pl\/?product=oukraina-wydanie-elektroniczne-epub#breadcrumb","itemListElement":[{"@type":"ListItem","position":1,"name":"Strona g\u0142\u00f3wna","item":"https:\/\/o-ukraina.pl\/"},{"@type":"ListItem","position":2,"name":"Sklep","item":"https:\/\/o-ukraina.pl\/?page_id=8"},{"@type":"ListItem","position":3,"name":"O!UKRA\u00cfNA &#8211; wydanie elektroniczne (epub)"}]},{"@type":"WebSite","@id":"https:\/\/o-ukraina.pl\/#website","url":"https:\/\/o-ukraina.pl\/","name":"O!UKRA\u00cfNA","description":"Weronika Marczuk","potentialAction":[{"@type":"SearchAction","target":{"@type":"EntryPoint","urlTemplate":"https:\/\/o-ukraina.pl\/?s={search_term_string}"},"query-input":"required name=search_term_string"}],"inLanguage":"pl-PL"}]}},"_links":{"self":[{"href":"https:\/\/o-ukraina.pl\/index.php?rest_route=\/wp\/v2\/product\/2072","targetHints":{"allow":["GET"]}}],"collection":[{"href":"https:\/\/o-ukraina.pl\/index.php?rest_route=\/wp\/v2\/product"}],"about":[{"href":"https:\/\/o-ukraina.pl\/index.php?rest_route=\/wp\/v2\/types\/product"}],"wp:featuredmedia":[{"embeddable":true,"href":"https:\/\/o-ukraina.pl\/index.php?rest_route=\/wp\/v2\/media\/2045"}],"wp:attachment":[{"href":"https:\/\/o-ukraina.pl\/index.php?rest_route=%2Fwp%2Fv2%2Fmedia&parent=2072"}],"wp:term":[{"taxonomy":"product_cat","embeddable":true,"href":"https:\/\/o-ukraina.pl\/index.php?rest_route=%2Fwp%2Fv2%2Fproduct_cat&post=2072"},{"taxonomy":"product_tag","embeddable":true,"href":"https:\/\/o-ukraina.pl\/index.php?rest_route=%2Fwp%2Fv2%2Fproduct_tag&post=2072"}],"curies":[{"name":"wp","href":"https:\/\/api.w.org\/{rel}","templated":true}]}}