{"id":15,"date":"2021-11-19T10:37:39","date_gmt":"2021-11-19T09:37:39","guid":{"rendered":"https:\/\/pheroamore.pl\/?page_id=15"},"modified":"2021-11-23T21:13:19","modified_gmt":"2021-11-23T20:13:19","slug":"regulamin","status":"publish","type":"page","link":"https:\/\/o-ukraina.pl\/?page_id=15","title":{"rendered":"Regulamin"},"content":{"rendered":"\n<h1 class=\"wp-block-heading\">Regulamin<\/h1>\n\n\n\n<h2 class=\"wp-block-heading\"><strong>\u00a7 1 Wst\u0119p &#8211; Postanowienia og\u00f3lne<\/strong><\/h2>\n\n\n\n<p>1.Niniejszy regulamin, zwany dalej \u201dRegulaminem\u201d, okre\u015bla zasady korzystania ze sklepu internetowego znajduj\u0105cego si\u0119 pod adresem\u00a0https:\/\/o-ukraina.pl,\u00a0zwanego dalej &#8222;Sklepem&#8221;.<\/p>\n\n\n\n<p>2.W\u0142a\u015bcicielem sklepu O-Ukraina.pl jest firma Sting Global Sp. z o.o., Stefana Okrzei 64\/3, 25-526 Kielce, Polska, NIP: 9592047157; KRS 0000929024, zwana dalej &#8222;Administratorem&#8221;.<\/p>\n\n\n\n<p>3.Ka\u017cda osoba dokonuj\u0105c zakup\u00f3w w Sklepie i klikaj\u0105c przy wype\u0142nieniu formularza zam\u00f3wienia przycisk akceptacji Regulaminu Sklepu staje si\u0119 jego U\u017cytkownikiem i o\u015bwiadcza, i\u017c zapozna\u0142a si\u0119 z Regulaminem i zobowi\u0105zuje si\u0119 do jego przestrzegania.<\/p>\n\n\n\n<p>4.Dokonywanie zakup\u00f3w w Sklepie wymaga od U\u017cytkownika posiadania aktywnego i sprawnego konta poczty elektronicznej email.<\/p>\n\n\n\n<p>5.U\u017cytkownik poprzez wype\u0142nienie formularza zakupu i zaznaczenie okienka wyra\u017ca zgod\u0119 na zbieranie i przetwarzanie jego danych osobowych zgodnie z Ustaw\u0119 o ochronie danych osobowych z dnia 29.08.1997 r. (Dz. U. z 2002 r. Nr 101, poz. 926 ze zm.) przez Administratora w celu niezb\u0119dnym do wykonania postanowie\u0144 niniejszego Regulaminu i \u015bwiadczonych na jego podstawie us\u0142ug. U\u017cytkownik o\u015bwiadcza, i\u017c zapozna\u0142 si\u0119 z Polityk\u0105 ochrony prywatno\u015bci.<\/p>\n\n\n\n<p>6. Administratorem Danych osobowych jest <meta charset=\"utf-8\">firma Sting Global Sp. z o.o., Stefana Okrzei 64\/3, 25-526 Kielce; <meta charset=\"utf-8\">NIP: 9592047157; KRS 0000929024.<\/p>\n\n\n\n<p>7.Gromadzone s\u0105 jedynie dane osobowe podane przez U\u017cytkownika dobrowolnie w celu niezb\u0119dnym do wykonania postanowie\u0144 niniejszego Regulaminu oraz us\u0142ug \u015bwiadczonych na jego podstawie, oraz w celach promocyjnych i marketingowych.<\/p>\n\n\n\n<p>8.U\u017cytkownik w ka\u017cdej chwili ma prawo dost\u0119pu do tre\u015bci swoich danych osobowych oraz prawo do ich poprawienia oraz \u017c\u0105dania ich usuni\u0119cia;<\/p>\n\n\n\n<p>9.Administrator informuje, i\u017c U\u017cytkownik nie ma obowi\u0105zku podania swoich danych osobowych, jednak\u017ce odmowa ich podania uniemo\u017cliwia wykonanie wobec U\u017cytkownika us\u0142ug lub dostawy towar\u00f3w okre\u015blonych w Regulaminie.<\/p>\n\n\n\n<p>10.Zgromadzone dane podlegaj\u0105 starannej ochronie, zgodnie z obowi\u0105zuj\u0105cymi przepisami. Administrator dok\u0142ada wszelkich stara\u0144, aby przechowywanym danym zapewni\u0107 bezpiecze\u0144stwo.<\/p>\n\n\n\n<h2 class=\"wp-block-heading\"><strong>\u00a7 2 Zakres us\u0142ug<\/strong><\/h2>\n\n\n\n<p>1.Za po\u015brednictwem Sklepu prowadzona jest sprzeda\u017c detaliczna produkt\u00f3w fizycznych i elektronicznych.<\/p>\n\n\n\n<p>2.Wszystkie informacje tekstowe oraz zdj\u0119cia produkt\u00f3w znajduj\u0105ce si\u0119 w Sklepie s\u0105 chronione prawami autorskimi. Zabrania si\u0119 ich kopiowania i rozpowszechniania, u\u017cywania do cel\u00f3w handlowych oraz do prezentacji na innych stronach internetowych bez zgody Administratora.<\/p>\n\n\n\n<h2 class=\"wp-block-heading\"><strong>\u00a7 3 Aspekty techniczne<\/strong><\/h2>\n\n\n\n<ol class=\"wp-block-list\"><li>W celu prawid\u0142owego i niezak\u0142\u00f3conego korzystania ze Sklepu stacja u\u017cytkowa Klienta winna spe\u0142nia\u0107 poni\u017csze minimalne wymagania techniczne:<ol><li>\u0142\u0105cze internetowe o przesyle danych 56.6k lub szybsze,<\/li><li>Pami\u0119\u0107 RAM \u2013 512 MB,<\/li><li>System operacyjny \u2013Windows XP, Windows Vista, Windows 7 lub Mac OS X;<\/li><li>w\u0142\u0105czona akceptacja plik\u00f3w cookies oraz Skrypt\u00f3w Java,<\/li><\/ol><\/li><li>Administrator nie jest zobowi\u0105zany do dostarczenia powy\u017cszych urz\u0105dze\u0144 i\/lub oprogramowania.<\/li><li>Instalacja oprogramowania o kt\u00f3rym mowa w ust\u0119pie 1 i 2 jest przedmiotem oddzielnej umowy licencyjnej pomi\u0119dzy U\u017cytkownikiem a licencjodawc\u0105.<\/li><li>W Sklepie wykorzystane s\u0105 pliki typu cookies. Podczas odwiedzin przez U\u017cytkownika strony Sklepu, system Sklepu wysy\u0142a do komputera U\u017cytkownika co najmniej jeden plik Cookie, w celu jednoznacznego zidentyfikowania przegl\u0105darki.<\/li><li>U\u017cytkownik mo\u017ce zabroni\u0107 odbierania plik\u00f3w cookie, przez co pozostanie anonimowy, aczkolwiek nie zezwalaj\u0105c na rejestracj\u0119 plik\u00f3w cookie, Sklep nie b\u0119dzie m\u00f3g\u0142 zidentyfikowa\u0107 U\u017cytkownika ani jego preferencji.<\/li><li>W celu skonfigurowania opcji swojego urz\u0105dzenia w zakresie wyra\u017cenia zgody na zapisywanie plik\u00f3w cookies oraz okre\u015blenia zakresu zapisywanych cookies, U\u017cytkownik mo\u017ce dokona\u0107 zmian ustawienia wykorzystywanej przegl\u0105darki internetowej.<\/li><li>Sklep informuje, \u017ce niedokonanie przez U\u017cytkownika zmiany ustawie\u0144 w zakresie cookies oznacza, \u017ce b\u0119d\u0105 one zamieszczone w urz\u0105dzeniu ko\u0144cowym U\u017cytkownika. W takim przypadku Sklep mo\u017ce przechowywa\u0107 informacje w urz\u0105dzeniu ko\u0144cowym U\u017cytkownika i uzyskiwa\u0107 dost\u0119p do tych informacji.<\/li><li>Informacje na temat zarz\u0105dzania plikami Cookies w poszczeg\u00f3lnych przegl\u0105darkach mo\u017cna znale\u017a\u0107 na stronach dedykowanych poszczeg\u00f3lnym przegl\u0105darkom:<ol><li>Firefox:\u00a0<a href=\"http:\/\/support.mozilla.org\/pl\/kb\/ciasteczka\">http:\/\/support.mozilla.org\/pl\/kb\/ciasteczka<\/a><\/li><li>Internet Explorer:\u00a0<a href=\"http:\/\/support.microsoft.com\/kb\/196955\/pl\">http:\/\/support.microsoft.com\/kb\/196955\/pl<\/a><\/li><li>Chrome:\u00a0<a href=\"http:\/\/support.google.com\/chrome\/bin\/answer.py?hl=pl&amp;answer=95647\">http:\/\/support.google.com\/chrome\/bin\/answer.py?hl=pl&amp;answer=95647<\/a><\/li><li>Opera:\u00a0<a href=\"http:\/\/help.opera.com\/Linux\/12.10\/pl\/cookies.html\">http:\/\/help.opera.com\/Linux\/12.10\/pl\/cookies.html<\/a><\/li><li>Safari:\u00a0<a href=\"http:\/\/support.apple.com\/kb\/HT1677?viewlocale=pl_PL&amp;locale=pl_PL\">http:\/\/support.apple.com\/kb\/HT1677?viewlocale=pl_PL&amp;locale=pl_PL<\/a><\/li><\/ol><\/li><li>W ramach Sklepu stosowane s\u0105 nast\u0119puj\u0105ce rodzaje plik\u00f3w cookies:<ol><li>\u201eniezb\u0119dne\u201d pliki cookies, umo\u017cliwiaj\u0105ce korzystanie z us\u0142ug dost\u0119pnych w ramach Sklepu, np. uwierzytelniaj\u0105ce pliki cookies wykorzystywane do us\u0142ug wymagaj\u0105cych uwierzytelniania w ramach Sklepu ;<\/li><li>pliki cookies s\u0142u\u017c\u0105ce do zapewnienia bezpiecze\u0144stwa, np. wykorzystywane do wykrywania nadu\u017cy\u0107 w zakresie uwierzytelniania w ramach Sklepu ;<\/li><li>\u201ewydajno\u015bciowe\u201d pliki cookies, umo\u017cliwiaj\u0105ce zbieranie informacji o sposobie korzystania ze stron internetowych Serwisu;<\/li><li>Pliki cookies analityczne;<\/li><\/ol><\/li><li>Sklep informuje U\u017cytkownik\u00f3w, i\u017c oferowane us\u0142ugi za po\u015brednictwem Sklepu \u015bwiadczone s\u0105 za po\u015brednictwem publicznej sieci Internet. W zwi\u0105zku z powy\u017cszym Sklep zwraca uwag\u0119 U\u017cytkownik\u00f3w na to, i\u017c korzystanie z us\u0142ug Sklepu mo\u017ce wi\u0105za\u0107 si\u0119 z ryzykiem zwi\u0105zanym z ingerencj\u0105 os\u00f3b trzecich w transmisj\u0119 danych przesy\u0142anych za po\u015brednictwem sieci Internet pomi\u0119dzy Sklepem a U\u017cytkownikiem.<\/li><\/ol>\n\n\n\n<h2 class=\"wp-block-heading\"><strong>\u00a7 4 Zasady dokonywania zakup\u00f3w<\/strong><\/h2>\n\n\n\n<ol class=\"wp-block-list\"><li>Informacje podane na stronach internetowych Sklepu, w tym informacje o prezentowanych produktach, a w szczeg\u00f3lno\u015bci ich opisy, parametry techniczne i u\u017cytkowe oraz ceny, stanowi\u0105 zaproszenie do zawarcia umowy, w rozumieniu art. 71 Kodeksu Cywilnego.<\/li><li>Zam\u00f3wienia przyjmowane s\u0105 wy\u0142\u0105cznie drog\u0105 elektroniczn\u0105 poprzez Sklep\u00a0przez 7 dni w tygodniu, 24 godziny na dob\u0119.<\/li><li>Zam\u00f3wienia realizowane s\u0105 w dni robocze w godzinach 11:00-17:30.<\/li><li>Dokonanie zakupu Produktu nie wymaga rejestracji w Sklepie.<\/li><li>Sk\u0142adanie zam\u00f3wienia odbywa si\u0119 za pomoc\u0105 formularza, w kt\u00f3rym U\u017cytkownik podaje nast\u0119puj\u0105ce dane:<ol><li>Imi\u0119 i nazwisko<\/li><li>Adres korespondencyjny<\/li><li>Adres e-mail<\/li><\/ol><\/li><li>Warunkiem dokonania zam\u00f3wienia jest zapoznanie si\u0119 oraz zaakceptowanie postanowie\u0144 Regulaminu.<\/li><li>Wszystkie ceny podawane na stronach Sklepu s\u0105 w z\u0142otych polskich i zawieraj\u0105 podatek VAT.<\/li><li>Umowa sprzeda\u017cy zawierana jest zgodnie z prawem polskim i w j\u0119zyku polskim.<\/li><li>Zam\u00f3wienie uwa\u017ca si\u0119 za przyj\u0119te do realizacji po potwierdzeniu przez Sklep przyj\u0119cia zam\u00f3wienia z\u0142o\u017conego przez U\u017cytkownika:<ol><li>Potwierdzenie przyj\u0119cia zam\u00f3wienia wraz z danymi do dokonania p\u0142atno\u015bci za pomoc\u0105 przelewu bankowego, (w przypadku wybrania takiej opcji zap\u0142aty przez U\u017cytkownika ), przesy\u0142ane jest w terminie 1 dnia od dnia z\u0142o\u017cenia zam\u00f3wienia przez U\u017cytkownika, poczt\u0105 elektroniczna na adres U\u017cytkownika podany przy wype\u0142nieniu formularza.<\/li><li>W przypadku niedost\u0119pno\u015bci cz\u0119\u015bci produkt\u00f3w obj\u0119tych zam\u00f3wieniem U\u017cytkownik jest o tym niezw\u0142ocznie informowany. U\u017cytkownik decyduje, czy zam\u00f3wienie ma by\u0107 zrealizowane cz\u0119\u015bciowo czy w ca\u0142o\u015bci anulowane.<\/li><\/ol><\/li><li>U\u017cytkownik i Sklep ka\u017cdorazowo zwi\u0105zani s\u0105 cen\u0105 i warunkami sprzeda\u017cy Produktu obowi\u0105zuj\u0105cymi w chwili z\u0142o\u017cenia na niego zam\u00f3wienia.<\/li><li>W Sklepie honorowane s\u0105 nast\u0119puj\u0105ce formy p\u0142atno\u015bci:<ol><li>zwyk\u0142y przelew &#8211; przedp\u0142ata;<\/li><li>p\u0142atno\u015bci internetowe PayU SA;<\/li><li>przesy\u0142ka za pobraniem;<\/li><\/ol><\/li><li>Operatorem kart p\u0142atniczych i szybkich p\u0142atno\u015bci jest PayU SA;<\/li><li>Je\u015bli form\u0105 p\u0142atno\u015bci jest przedp\u0142ata (karta kredytowa, przelew bankowy, wp\u0142ata na konto), U\u017cytkownik (klient) jest zobowi\u0105zany ui\u015bci\u0107 p\u0142atno\u015b\u0107 w ci\u0105gu 2 dni od z\u0142o\u017cenia zam\u00f3wienia. W przypadku braku p\u0142atno\u015bci, zam\u00f3wienie zostanie uznane za odwo\u0142ane (niez\u0142o\u017cone) bez uprzedniego informowania klienta.<\/li><li>Zam\u00f3wiony towar jest wysy\u0142any za po\u015brednictwem paczkomat\u00f3w InPost b\u0105d\u017a kurierem InPost &#8211; zgodnie z cen\u0105 podan\u0105 w koszyku zakupowym.<\/li><li>Sklep realizuje zam\u00f3wienia na terenie Polski oraz pozosta\u0142ych kraj\u00f3w Unii Europejskiej.<\/li><li>Koszt wysy\u0142ki zwi\u0105zany jest z kodem pocztowym; krajem, do kt\u00f3rego realizowana jest wysy\u0142ka.<\/li><li>Deklarowany przeci\u0119tny czas dostawy zakupionych produkt\u00f3w w kraju wynosi do 7 dni roboczych licz\u0105c od dnia potwierdzenia przyj\u0119cia zam\u00f3wienia .<\/li><li>Wraz z Produktem wysy\u0142any jest dokument potwierdzaj\u0105cy dokonanie zakupu. Na \u017cyczenie U\u017cytkownika wystawiana jest faktura VAT w terminie 7 dni od dnia zaksi\u0119gowania wp\u0142aty na koncie. U\u017cytkownik zobowi\u0105zany jest do podania pe\u0142nych danych niezb\u0119dnych do prawid\u0142owego wystawienia faktury VAT:<ol><li>Imi\u0119 i nazwisko\/firm\u0119,<\/li><li>Adres zamieszkania\/siedziby,<\/li><li>Numer NIP (w przypadku firm),<\/li><li>Numer zam\u00f3wienia,<\/li><li>Adres korespondencyjny<\/li><\/ol><\/li><li>Ka\u017cdy rejestruj\u0105cy si\u0119 i\/lub dokonuj\u0105cy zam\u00f3wienia U\u017cytkownik wyra\u017ca zgod\u0119 na otrzymywanie na podany przez siebie adres email informacji zwi\u0105zanych z przebiegiem transakcji, zawiadomie\u0144 o zmianach w niniejszym Regulaminie.<\/li><li>Inne informacje dotycz\u0105ce dzia\u0142ania Serwisu, a tak\u017ce zawieraj\u0105ce informacj\u0119 handlow\u0105 o nowych produktach lub us\u0142ugach Serwisu, o promocjach Serwisu oraz promuj\u0105cych produkty partner\u00f3w Administratora przesy\u0142ane b\u0119d\u0105 tylko tym U\u017cytkownikom, kt\u00f3rzy wyrazili na to zgod\u0119.<\/li><\/ol>\n\n\n\n<h2 class=\"wp-block-heading\"><strong>\u00a7 5 Odst\u0105pienie od umowy<\/strong><\/h2>\n\n\n\n<ol class=\"wp-block-list\"><li>Zgodnie z Ustaw\u0105 z dnia 2 marca 2000 r. o ochronie praw konsument\u00f3w oraz o odpowiedzialno\u015bci za szkod\u0119 wyrz\u0105dzon\u0105 przez produkt niebezpieczny (Dz. U. Nr 22, poz. 271) , Klient ma prawo do pisemnego odst\u0105pienia od zawieranej umowy bez podania przyczyny w terminie czternastu dni od dnia wydania rzeczy. Do zachowania czternastodniowego terminu, o kt\u00f3rym mowa w ust. 1, wystarczaj\u0105ce jest wys\u0142anie o\u015bwiadczenia o odst\u0105pieniu przed jego up\u0142ywem. <\/li><\/ol>\n\n\n\n<p>2.W przypadku odst\u0105pienia od umowy U\u017cytkownik zobowi\u0105zany jest do przes\u0142ania na adres wydawnictwo@sting.pl informacji o zamiarze dokonania zwrotu nie p\u00f3\u017aniej ni\u017c 14 dnia od momentu otrzymania produktu. Po przes\u0142aniu informacji U\u017cytkownik otrzyma instrukcj\u0119 dokonania zwrotu.<\/p>\n\n\n\n<p>3.W przypadku skorzystania przez Klienta z uprawnienia, o kt\u00f3rym mowa w ust. 1, koszty zwrotu produktu pokrywa Sklep. Je\u017celi Klient wybra\u0142 spos\u00f3b dostarczenia rzeczy inny ni\u017c najta\u0144szy zwyk\u0142y spos\u00f3b dostarczenia oferowany przez Sklep, Sklep nie jest zobowi\u0105zany do zwrotu konsumentowi poniesionych przez niego dodatkowych koszt\u00f3w.<\/p>\n\n\n\n<p>4. Zwrot jest mo\u017cliwy tylko w\u00f3wczas, gdy towar jest w stanie niezmienionym. Dla przyspieszenia procedury prosimy o do\u0142\u0105czenie do zwracanego produktu dowodu zakupu (np. kopii faktury VAT , paragonu, potwierdzenia zap\u0142aty\/ odbioru towaru).<\/p>\n\n\n\n<p>5.Odsy\u0142any towar nale\u017cy zapakowa\u0107 w spos\u00f3b uniemo\u017cliwiaj\u0105cy jego uszkodzenie w transporcie.<\/p>\n\n\n\n<p>6.Sklep dokona zwrotu wp\u0142aconych kwot, w tym ceny za towar i pobrane koszty wysy\u0142ki, w ci\u0105gu 14 dni.<\/p>\n\n\n\n<h2 class=\"wp-block-heading\"><strong>\u00a7 6 Reklamacje<\/strong><\/h2>\n\n\n\n<p>1.W przypadku stwierdzenia niezgodno\u015bci zakupionego Produktu z umow\u0105, U\u017cytkownik b\u0119d\u0105cy Konsumentem mo\u017ce realizowa\u0107 uprawnienia przyznane przez przepisy ustawy z dnia 27 lipca 2002 r. o szczeg\u00f3lnych warunkach sprzeda\u017cy konsumenckiej oraz o zmianie kodeksu cywilnego (Dz.U. nr 141, poz. 1176 z p\u00f3\u017an. zm.).<\/p>\n\n\n\n<p>2.Reklamacje dotycz\u0105ce zam\u00f3wionych Produkt\u00f3w mog\u0105 by\u0107 sk\u0142adane drog\u0105 mailow\u0105 na adres <meta charset=\"utf-8\">wydawnictwo@sting.pl lub listownie na adres Administratora Sklepu.<\/p>\n\n\n\n<p>3.Zg\u0142oszenie reklamacyjne powinno zawiera\u0107 w szczeg\u00f3lno\u015bci nast\u0119puj\u0105ce dane: imi\u0119 i nazwisko Klienta, adres korespondencyjny, numer zam\u00f3wienia, dat\u0119 transakcji, przedmiot i przyczyn\u0119 reklamacji, dane kontaktowe.<\/p>\n\n\n\n<p>4.Okre\u015blaj\u0105c spos\u00f3b realizacji zobowi\u0105za\u0144 Sklepu w zakresie zg\u0142oszonej reklamacji w przedmiocie stwierdzenia niezgodno\u015bci towaru z umow\u0105 sprzeda\u017cy, U\u017cytkownik b\u0119d\u0105cy konsumentem, ma prawo \u017c\u0105da\u0107 wymiany produktu. Prawo do odst\u0105pienia nie przys\u0142uguje, gdy niezgodno\u015b\u0107 towaru konsumpcyjnego z umow\u0105 jest nieistotna.<\/p>\n\n\n\n<p>5.Reklamacje zg\u0142aszane przez U\u017cytkownika b\u0119d\u0105 rozpatrywane w terminie do 14 dni od momentu ich zg\u0142oszenia. Brak o\u015bwiadczenia w tym terminie uwa\u017ca si\u0119 za uznanie roszcze\u0144 zg\u0142oszonych przez Klienta.<\/p>\n\n\n\n<p>7.U\u017cytkownik zostanie powiadomiony o rozstrzygni\u0119ciu zg\u0142oszonej reklamacji t\u0105 sam\u0105 drog\u0105, jak\u0105 przes\u0142ana zosta\u0142a reklamacja, chyba, \u017ce Klient zastrze\u017ce inn\u0105 form\u0119 kontaktu. Rozstrzygni\u0119cie reklamacji zostanie dodatkowo przes\u0142ane drog\u0105 elektroniczn\u0105 na wskazany przez Klienta adres e-mail.<\/p>\n\n\n\n<p>8.W przypadku pozytywnego rozstrzygni\u0119cia reklamacji Sklep wysy\u0142a do Klienta produkt zgodny z umow\u0105. Je\u017celi naprawa lub wymiana na nowy danego produktu nie s\u0105 mo\u017cliwe, Sklep stosownie do z\u0142o\u017conego przez U\u017cytkownika alternatywnego \u017c\u0105dania \u2013 obni\u017cy cen\u0119 lub zwr\u00f3ci r\u00f3wnowarto\u015b\u0107 ceny produktu, powi\u0119kszon\u0105 o koszty przesy\u0142ki.<\/p>\n\n\n\n<p>9.Je\u017celi kupuj\u0105cym jest konsument, wszelkie spory powsta\u0142e na gruncie regulaminu lub um\u00f3w sprzeda\u017cy mog\u0105 by\u0107 rozstrzygane w drodze mediacji.<\/p>\n\n\n\n<h2 class=\"wp-block-heading\"><strong>\u00a7\u00a07 Postanowienia ko\u0144cowe<\/strong><\/h2>\n\n\n\n<p>1.W\u0142a\u015bciciel Serwisu zastrzega sobie prawo do zmiany postanowie\u0144 niniejszego Regulaminu.<\/p>\n\n\n\n<p>2.W przypadku dokonania zmian w Regulaminie, Sklep poinformuje U\u017cytkownik\u00f3w o wprowadzonych zmianach, dacie od kt\u00f3rej wejd\u0105 one w \u017cycie poprzez publikacj\u0119 jednolitego tekstu Regulaminu w Sklepie&nbsp;oraz przes\u0142aniu jednolitego tekstu Regulaminu, informacji o wprowadzonych zmianach i dacie wej\u015bcia ich w \u017cycie drog\u0105 mailow\u0105 na adres U\u017cytkownika.<\/p>\n\n\n\n<p>3.Zam\u00f3wienia z\u0142o\u017cone przed dniem wej\u015bcia w \u017cycie zmian Regulaminu podlegaj\u0105 postanowieniom poprzednio obowi\u0105zuj\u0105cego Regulaminu, chyba \u017ce postanowienia nowego Regulaminu s\u0105 dla U\u017cytkownika korzystniejsze. U\u017cytkownik dokonuje akceptacji wprowadzonych do Regulaminu zmian poprzez korzystanie ze Sklepu po dacie wej\u015bcia tych zmian w \u017cycie. W przypadku braku akceptacji zmian wprowadzonych do Regulaminu, U\u017cytkownik mo\u017ce zrezygnowa\u0107 z korzystania ze Sklepu i \u017c\u0105da\u0107 usuni\u0119cia za\u0142o\u017conego w sklepie konta u\u017cytkownika.<\/p>\n\n\n\n<p>4.W razie zmiany lub uniewa\u017cnienia, wskutek prawomocnego orzeczenia s\u0105du, kt\u00f3regokolwiek z postanowie\u0144 niniejszego Regulaminu, pozosta\u0142e jego postanowienia pozostaj\u0105 w mocy i wi\u0105\u017c\u0105 strony.<\/p>\n\n\n\n<p>5.Administrator Sklepu zastrzega mo\u017cliwo\u015b\u0107 wyst\u0105pienia przerw w dzia\u0142aniu strony internetowej sklepu \u2013 w zwi\u0105zku konserwacj\u0105 , przebudow\u0105 lub modernizacja sklepu. Sklep podejmuje starania, aby przerwy techniczne wyst\u0119powa\u0142y jak najrzadziej oraz aby by\u0142y jak najmniej uci\u0105\u017cliwe dla jego klient\u00f3w.<\/p>\n","protected":false},"excerpt":{"rendered":"<p>Regulamin \u00a7 1 Wst\u0119p &#8211; Postanowienia og\u00f3lne 1.Niniejszy regulamin, zwany dalej \u201dRegulaminem\u201d, okre\u015bla zasady korzystania ze sklepu internetowego znajduj\u0105cego si\u0119 pod adresem\u00a0https:\/\/o-ukraina.pl,\u00a0zwanego dalej &#8222;Sklepem&#8221;. 2.W\u0142a\u015bcicielem sklepu O-Ukraina.pl jest firma Sting [&hellip;]<\/p>\n","protected":false},"author":1,"featured_media":0,"parent":0,"menu_order":0,"comment_status":"closed","ping_status":"closed","template":"","meta":{"content-type":"","footnotes":""},"class_list":["post-15","page","type-page","status-publish","hentry","grve-entry-item"],"yoast_head":"<!-- This site is optimized with the Yoast SEO plugin v21.9 - https:\/\/yoast.com\/wordpress\/plugins\/seo\/ -->\n<title>Regulamin - O!UKRA\u00cfNA<\/title>\n<meta name=\"robots\" content=\"index, follow, max-snippet:-1, max-image-preview:large, max-video-preview:-1\" \/>\n<link rel=\"canonical\" href=\"https:\/\/o-ukraina.pl\/?page_id=15\" \/>\n<meta property=\"og:locale\" content=\"pl_PL\" \/>\n<meta property=\"og:type\" content=\"article\" \/>\n<meta property=\"og:title\" content=\"Regulamin - O!UKRA\u00cfNA\" \/>\n<meta property=\"og:description\" content=\"Regulamin \u00a7 1 Wst\u0119p &#8211; Postanowienia og\u00f3lne 1.Niniejszy regulamin, zwany dalej \u201dRegulaminem\u201d, okre\u015bla zasady korzystania ze sklepu internetowego znajduj\u0105cego si\u0119 pod adresem\u00a0https:\/\/o-ukraina.pl,\u00a0zwanego dalej &#8222;Sklepem&#8221;. 2.W\u0142a\u015bcicielem sklepu O-Ukraina.pl jest firma Sting [&hellip;]\" \/>\n<meta property=\"og:url\" content=\"https:\/\/o-ukraina.pl\/?page_id=15\" \/>\n<meta property=\"og:site_name\" content=\"O!UKRA\u00cfNA\" \/>\n<meta property=\"article:modified_time\" content=\"2021-11-23T20:13:19+00:00\" \/>\n<meta name=\"twitter:card\" content=\"summary_large_image\" \/>\n<meta name=\"twitter:label1\" content=\"Szacowany czas czytania\" \/>\n\t<meta name=\"twitter:data1\" content=\"11 minut\" \/>\n<script type=\"application\/ld+json\" class=\"yoast-schema-graph\">{\"@context\":\"https:\/\/schema.org\",\"@graph\":[{\"@type\":\"WebPage\",\"@id\":\"https:\/\/o-ukraina.pl\/?page_id=15\",\"url\":\"https:\/\/o-ukraina.pl\/?page_id=15\",\"name\":\"Regulamin - O!UKRA\u00cfNA\",\"isPartOf\":{\"@id\":\"https:\/\/o-ukraina.pl\/#website\"},\"datePublished\":\"2021-11-19T09:37:39+00:00\",\"dateModified\":\"2021-11-23T20:13:19+00:00\",\"breadcrumb\":{\"@id\":\"https:\/\/o-ukraina.pl\/?page_id=15#breadcrumb\"},\"inLanguage\":\"pl-PL\",\"potentialAction\":[{\"@type\":\"ReadAction\",\"target\":[\"https:\/\/o-ukraina.pl\/?page_id=15\"]}]},{\"@type\":\"BreadcrumbList\",\"@id\":\"https:\/\/o-ukraina.pl\/?page_id=15#breadcrumb\",\"itemListElement\":[{\"@type\":\"ListItem\",\"position\":1,\"name\":\"Strona g\u0142\u00f3wna\",\"item\":\"https:\/\/o-ukraina.pl\/\"},{\"@type\":\"ListItem\",\"position\":2,\"name\":\"Regulamin\"}]},{\"@type\":\"WebSite\",\"@id\":\"https:\/\/o-ukraina.pl\/#website\",\"url\":\"https:\/\/o-ukraina.pl\/\",\"name\":\"O!UKRA\u00cfNA\",\"description\":\"Weronika Marczuk\",\"potentialAction\":[{\"@type\":\"SearchAction\",\"target\":{\"@type\":\"EntryPoint\",\"urlTemplate\":\"https:\/\/o-ukraina.pl\/?s={search_term_string}\"},\"query-input\":\"required name=search_term_string\"}],\"inLanguage\":\"pl-PL\"}]}<\/script>\n<!-- \/ Yoast SEO plugin. -->","yoast_head_json":{"title":"Regulamin - O!UKRA\u00cfNA","robots":{"index":"index","follow":"follow","max-snippet":"max-snippet:-1","max-image-preview":"max-image-preview:large","max-video-preview":"max-video-preview:-1"},"canonical":"https:\/\/o-ukraina.pl\/?page_id=15","og_locale":"pl_PL","og_type":"article","og_title":"Regulamin - O!UKRA\u00cfNA","og_description":"Regulamin \u00a7 1 Wst\u0119p &#8211; Postanowienia og\u00f3lne 1.Niniejszy regulamin, zwany dalej \u201dRegulaminem\u201d, okre\u015bla zasady korzystania ze sklepu internetowego znajduj\u0105cego si\u0119 pod adresem\u00a0https:\/\/o-ukraina.pl,\u00a0zwanego dalej &#8222;Sklepem&#8221;. 2.W\u0142a\u015bcicielem sklepu O-Ukraina.pl jest firma Sting [&hellip;]","og_url":"https:\/\/o-ukraina.pl\/?page_id=15","og_site_name":"O!UKRA\u00cfNA","article_modified_time":"2021-11-23T20:13:19+00:00","twitter_card":"summary_large_image","twitter_misc":{"Szacowany czas czytania":"11 minut"},"schema":{"@context":"https:\/\/schema.org","@graph":[{"@type":"WebPage","@id":"https:\/\/o-ukraina.pl\/?page_id=15","url":"https:\/\/o-ukraina.pl\/?page_id=15","name":"Regulamin - O!UKRA\u00cfNA","isPartOf":{"@id":"https:\/\/o-ukraina.pl\/#website"},"datePublished":"2021-11-19T09:37:39+00:00","dateModified":"2021-11-23T20:13:19+00:00","breadcrumb":{"@id":"https:\/\/o-ukraina.pl\/?page_id=15#breadcrumb"},"inLanguage":"pl-PL","potentialAction":[{"@type":"ReadAction","target":["https:\/\/o-ukraina.pl\/?page_id=15"]}]},{"@type":"BreadcrumbList","@id":"https:\/\/o-ukraina.pl\/?page_id=15#breadcrumb","itemListElement":[{"@type":"ListItem","position":1,"name":"Strona g\u0142\u00f3wna","item":"https:\/\/o-ukraina.pl\/"},{"@type":"ListItem","position":2,"name":"Regulamin"}]},{"@type":"WebSite","@id":"https:\/\/o-ukraina.pl\/#website","url":"https:\/\/o-ukraina.pl\/","name":"O!UKRA\u00cfNA","description":"Weronika Marczuk","potentialAction":[{"@type":"SearchAction","target":{"@type":"EntryPoint","urlTemplate":"https:\/\/o-ukraina.pl\/?s={search_term_string}"},"query-input":"required name=search_term_string"}],"inLanguage":"pl-PL"}]}},"_links":{"self":[{"href":"https:\/\/o-ukraina.pl\/index.php?rest_route=\/wp\/v2\/pages\/15","targetHints":{"allow":["GET"]}}],"collection":[{"href":"https:\/\/o-ukraina.pl\/index.php?rest_route=\/wp\/v2\/pages"}],"about":[{"href":"https:\/\/o-ukraina.pl\/index.php?rest_route=\/wp\/v2\/types\/page"}],"author":[{"embeddable":true,"href":"https:\/\/o-ukraina.pl\/index.php?rest_route=\/wp\/v2\/users\/1"}],"replies":[{"embeddable":true,"href":"https:\/\/o-ukraina.pl\/index.php?rest_route=%2Fwp%2Fv2%2Fcomments&post=15"}],"version-history":[{"count":1,"href":"https:\/\/o-ukraina.pl\/index.php?rest_route=\/wp\/v2\/pages\/15\/revisions"}],"predecessor-version":[{"id":2053,"href":"https:\/\/o-ukraina.pl\/index.php?rest_route=\/wp\/v2\/pages\/15\/revisions\/2053"}],"wp:attachment":[{"href":"https:\/\/o-ukraina.pl\/index.php?rest_route=%2Fwp%2Fv2%2Fmedia&parent=15"}],"curies":[{"name":"wp","href":"https:\/\/api.w.org\/{rel}","templated":true}]}}